{"id":20,"date":"2012-03-28T16:30:11","date_gmt":"2012-03-28T14:30:11","guid":{"rendered":"http:\/\/tekapo.se\/?page_id=20"},"modified":"2015-11-10T09:42:23","modified_gmt":"2015-11-10T08:42:23","slug":"startsidan","status":"publish","type":"page","link":"https:\/\/tekapo.se\/de\/","title":{"rendered":"Startseite"},"content":{"rendered":"<p><\/p>\n<div class=\"more\" id=\"more-20\"><\/div>\n<div class=\"column\">\n<h2>Tekapo ist eine Webb- und Designgesch\u00e4ft\u00a0f\u00fcr gro\u00dfe und kleine<\/h2>\n<h4>Vi bygger sajter som fungerar och ser bra ut oavsett hur stor eller liten sk\u00e4rm den visas p\u00e5.<\/h4>\n<p>Inte nog med att sajter och appar byggs f\u00f6r att anpassa bes\u00f6karen. Vi bygger s\u00e5 klart \u00e4ven f\u00f6r att v\u00e5ra kunder ska f\u00e5 en s\u00e5 v\u00e4lanpassad produkt som m\u00f6jligt.<\/p>\n<\/div>\n<div class=\"column last\">\n<p><img loading=\"lazy\" decoding=\"async\" class=\"alignnone size-full wp-image-98\" title=\"macipadiphone\" src=\"https:\/\/tekapo.se\/wp-content\/uploads\/2012\/03\/macipadiphone.png\" alt=\"Tre olika storlekar p\u00e5 webbsida\" width=\"400\" height=\"219\" srcset=\"https:\/\/tekapo.se\/wp-content\/uploads\/2012\/03\/macipadiphone.png 800w, https:\/\/tekapo.se\/wp-content\/uploads\/2012\/03\/macipadiphone-230x125.png 230w, https:\/\/tekapo.se\/wp-content\/uploads\/2012\/03\/macipadiphone-470x257.png 470w\" sizes=\"auto, (max-width: 400px) 100vw, 400px\" \/><\/div>","protected":false},"excerpt":{"rendered":"<p><a href=\"https:\/\/tekapo.se\/de\/\"><\/a><\/p>\n","protected":false},"author":2,"featured_media":23,"parent":0,"menu_order":7,"comment_status":"closed","ping_status":"open","template":"","meta":{"_exactmetrics_skip_tracking":false,"_exactmetrics_sitenote_active":false,"_exactmetrics_sitenote_note":"","_exactmetrics_sitenote_category":0,"footnotes":""},"class_list":["post-20","page","type-page","status-publish","has-post-thumbnail","hentry"],"_links":{"self":[{"href":"https:\/\/tekapo.se\/de\/wp-json\/wp\/v2\/pages\/20","targetHints":{"allow":["GET"]}}],"collection":[{"href":"https:\/\/tekapo.se\/de\/wp-json\/wp\/v2\/pages"}],"about":[{"href":"https:\/\/tekapo.se\/de\/wp-json\/wp\/v2\/types\/page"}],"author":[{"embeddable":true,"href":"https:\/\/tekapo.se\/de\/wp-json\/wp\/v2\/users\/2"}],"replies":[{"embeddable":true,"href":"https:\/\/tekapo.se\/de\/wp-json\/wp\/v2\/comments?post=20"}],"version-history":[{"count":61,"href":"https:\/\/tekapo.se\/de\/wp-json\/wp\/v2\/pages\/20\/revisions"}],"predecessor-version":[{"id":721,"href":"https:\/\/tekapo.se\/de\/wp-json\/wp\/v2\/pages\/20\/revisions\/721"}],"wp:featuredmedia":[{"embeddable":true,"href":"https:\/\/tekapo.se\/de\/wp-json\/wp\/v2\/media\/23"}],"wp:attachment":[{"href":"https:\/\/tekapo.se\/de\/wp-json\/wp\/v2\/media?parent=20"}],"curies":[{"name":"wp","href":"https:\/\/api.w.org\/{rel}","templated":true}]}}