{"id":32,"date":"2012-04-02T11:39:57","date_gmt":"2012-04-02T09:39:57","guid":{"rendered":"http:\/\/tekapo.se\/?page_id=32"},"modified":"2014-04-07T09:10:26","modified_gmt":"2014-04-07T07:10:26","slug":"coca-cola","status":"publish","type":"page","link":"https:\/\/tekapo.se\/de\/vara-uppdrag\/coca-cola\/","title":{"rendered":"Coca-Cola"},"content":{"rendered":"<p><\/p>\n<h1>Eiskalt aufgabe von Coca-Cola<\/h1>\n<h3>Inf\u00f6r OS i London anv\u00e4nder nu alla s\u00e4ljare f\u00f6r Coca-Colas produkter v\u00e5rt webbs\u00e4ljst\u00f6d<\/h3>\n<h4>Konkurrensen i detaljhandeln \u00e4r h\u00e5rd och l\u00e4sktillverkarna g\u00f6r sitt yttersta f\u00f6r att sl\u00e5 sig fram p\u00e5 marknaden. F\u00f6r s\u00e4ljarna inneb\u00e4r det att anv\u00e4nda s\u00e5 tydliga och attraktiva verktyg som m\u00f6jligt f\u00f6r att f\u00e5 butiksink\u00f6parna att ta in just deras produkter. Senast i raden \u00e4r ett webbaserat s\u00e4ljst\u00f6d utvecklat av Tekapo.<\/h4>\n<\/p>\n<p><\/p>\n<div class=\"more\" id=\"more-32\"><\/div>\n<div class=\"column\"><\/p>\n<p>Typografi \u00e4r medlet att hantera en text s\u00e5 den passar sitt \u00e4ndam\u00e5l: Planera s\u00e4ttningen, f\u00f6rdela ytorna och behandla typerna s\u00e5 att l\u00e4sningen underl\u00e4ttas s\u00e5 mycket som m\u00f6jligt. Typografins uppgift \u00e4r i f\u00f6rsta hand funktionell och bara i undantagsfall estetisk. Att njuta av vacker form \u00e4r s\u00e4llan l\u00e4sarens f\u00f6rsta tanke. All typografi som st\u00e4ller sig mellan f\u00f6rfattaren och l\u00e4saren \u00e4r av ondo.<\/p>\n<p class=\"align02\"><img loading=\"lazy\" decoding=\"async\" class=\"alignnone size-thumbnail wp-image-35\" title=\"iPad\" src=\"https:\/\/tekapo.se\/wp-content\/uploads\/2012\/04\/Sk\u00e4rmavbild-2012-04-01-kl.-18.48.36-230x296.png\" alt=\"Chilled+ p\u00e5 iPad\" width=\"230\" height=\"296\" srcset=\"https:\/\/tekapo.se\/wp-content\/uploads\/2012\/04\/Sk\u00e4rmavbild-2012-04-01-kl.-18.48.36-230x296.png 230w, https:\/\/tekapo.se\/wp-content\/uploads\/2012\/04\/Sk\u00e4rmavbild-2012-04-01-kl.-18.48.36-470x606.png 470w, https:\/\/tekapo.se\/wp-content\/uploads\/2012\/04\/Sk\u00e4rmavbild-2012-04-01-kl.-18.48.36.png 880w\" sizes=\"auto, (max-width: 230px) 100vw, 230px\" \/><\/p>\n<p>I en typografi, som skall kunna l\u00e4sas, finns inte mycket utrymme f\u00f6r experiment. \u00c4ven det rutinm\u00e4ssiga och enahanda \u00e4r mindre st\u00f6rande \u00e4n billigt effekts\u00f6keri. En \u00e4kta originalitet kan vara \u00f6nskv\u00e4rd och n\u00f6dv\u00e4ndig i utformningen av kommersiell, politisk eller religi\u00f6s propaganda, d\u00e4r endast det senaste f\u00f6rm\u00e5r f\u00e5nga uppm\u00e4rksamheten. <\/p><\/div>\n<div class=\"column last\">\n<p class=\"align02\"><img loading=\"lazy\" decoding=\"async\" class=\"alignnone size-thumbnail wp-image-36\" title=\"Chilled+\" src=\"https:\/\/tekapo.se\/wp-content\/uploads\/2012\/04\/Chilled+-230x128.png\" alt=\"Chilled+ p\u00e5 datorn\" width=\"230\" height=\"128\" \/><\/p>\n<p>Med undantag f\u00f6r kategorin \u201dprivattryck\u201d kr\u00e4ver bokens typografi p\u00e5 goda grunder en n\u00e4ra nog absolut h\u00e4nsyn till v\u00e5ra l\u00e4svanor. En typtecknare kan aldrig s\u00e4ga \u201djag \u00e4r konstn\u00e4r och tar inte order av n\u00e5gon, jag skapar mina egna bokst\u00e4ver\u201d. I detta anonyma yrke \u00e4r ingen konstn\u00e4r i den meningen. Det \u00e4r inte m\u00f6jligt, som m\u00e5 h\u00e4nda i typografins barndom, att diktatoriskt f\u00f6rel\u00e4gga l\u00e4saren n\u00e5gra hugskott. L\u00e4skunnigheten \u00e4r idag s\u00e5 ofantligt mycket st\u00f6rre och l\u00e4svanorna i motsvarande grad fixerade. Det \u00e4r den konservative l\u00e4saren som best\u00e4mmer typografin och takten i bokstavsutvecklingen. Ett nytt anv\u00e4ndbart typsnitt m\u00e5ste vara s\u00e5 beskaffat att bara en specialist kan uppt\u00e4cka det nya. Om l\u00e4saren inte l\u00e4gger m\u00e4rke till den m\u00f6da som lagts ned p\u00e5 formen, s\u00e5 \u00e4r det f\u00f6rmodligen ett bra typsnitt. Men om n\u00e5gon tilltalas av knorren p\u00e5 gemena \u201dr\u201d, eller tycker att en annan bokstav \u00e4r lustig, s\u00e5 skall nog dessa typer inte ha framst\u00e4llts alls. Ett typsnitt som skall fylla sin uppgift i dagens typografi, och som inte spekulerar i morgondagens, kan aldrig vara annorlunda.<\/p>\n<p><\/div>","protected":false},"excerpt":{"rendered":"<\/p>\n<h1><a href=\"https:\/\/tekapo.se\/de\/vara-uppdrag\/coca-cola\/\">Eiskalt aufgabe von Coca-Cola<\/a><\/h1>\n<h3>Inf\u00f6r OS i London anv\u00e4nder nu alla s\u00e4ljare f\u00f6r Coca-Colas produkter v\u00e5rt webbs\u00e4ljst\u00f6d<\/h3>\n<h4>Konkurrensen i detaljhandeln \u00e4r h\u00e5rd och l\u00e4sktillverkarna g\u00f6r sitt yttersta f\u00f6r att sl\u00e5 sig fram p\u00e5 marknaden. F\u00f6r s\u00e4ljarna inneb\u00e4r det att anv\u00e4nda s\u00e5 tydliga och attraktiva verktyg som m\u00f6jligt f\u00f6r att f\u00e5 butiksink\u00f6parna att ta in just deras produkter. Senast i raden \u00e4r ett webbaserat s\u00e4ljst\u00f6d utvecklat av Tekapo.<\/h4><\/p>\n","protected":false},"author":2,"featured_media":34,"parent":5,"menu_order":6,"comment_status":"closed","ping_status":"open","template":"page-cases.php","meta":{"_exactmetrics_skip_tracking":false,"_exactmetrics_sitenote_active":false,"_exactmetrics_sitenote_note":"","_exactmetrics_sitenote_category":0,"footnotes":""},"class_list":["post-32","page","type-page","status-publish","has-post-thumbnail","hentry"],"_links":{"self":[{"href":"https:\/\/tekapo.se\/de\/wp-json\/wp\/v2\/pages\/32","targetHints":{"allow":["GET"]}}],"collection":[{"href":"https:\/\/tekapo.se\/de\/wp-json\/wp\/v2\/pages"}],"about":[{"href":"https:\/\/tekapo.se\/de\/wp-json\/wp\/v2\/types\/page"}],"author":[{"embeddable":true,"href":"https:\/\/tekapo.se\/de\/wp-json\/wp\/v2\/users\/2"}],"replies":[{"embeddable":true,"href":"https:\/\/tekapo.se\/de\/wp-json\/wp\/v2\/comments?post=32"}],"version-history":[{"count":23,"href":"https:\/\/tekapo.se\/de\/wp-json\/wp\/v2\/pages\/32\/revisions"}],"predecessor-version":[{"id":574,"href":"https:\/\/tekapo.se\/de\/wp-json\/wp\/v2\/pages\/32\/revisions\/574"}],"up":[{"embeddable":true,"href":"https:\/\/tekapo.se\/de\/wp-json\/wp\/v2\/pages\/5"}],"wp:featuredmedia":[{"embeddable":true,"href":"https:\/\/tekapo.se\/de\/wp-json\/wp\/v2\/media\/34"}],"wp:attachment":[{"href":"https:\/\/tekapo.se\/de\/wp-json\/wp\/v2\/media?parent=32"}],"curies":[{"name":"wp","href":"https:\/\/api.w.org\/{rel}","templated":true}]}}