{"id":47,"date":"2012-04-03T13:08:51","date_gmt":"2012-04-03T11:08:51","guid":{"rendered":"http:\/\/tekapo.se\/?page_id=47"},"modified":"2014-12-23T16:35:43","modified_gmt":"2014-12-23T15:35:43","slug":"att-jobba-med-oss","status":"publish","type":"page","link":"https:\/\/tekapo.se\/en\/att-jobba-med-oss\/","title":{"rendered":"To work with us"},"content":{"rendered":"<p>&nbsp;<\/p>\n<h1>Would you like to work with us?<br \/>\nThis is how it will happen<\/h1>\n<h3>We are a happy crowd that prefer to know rather well what you are looking for. What are your needs? What are your customers needs? How do we for-fill them as well as possible?<\/h3>\n<h4>The first, or at least one of the first, questions we get is &#8220;How much does it cost?&#8221;. It depends, but for you to understand why it costs, we believe you need to know how we work.<\/h4>\n<p><\/p>\n<div class=\"more\" id=\"more-47\"><\/div>\n<p><\/p>\n<p>Tids\u00e5tg\u00e5ngen \u00e4r delvis en faktor, men inte den enda. Andra saker som komplexitet, v\u00e4rdet av tj\u00e4nsten och livsl\u00e4ngden p\u00e5 slutprodukten spelar ocks\u00e5 in. Vi har ocks\u00e5 en modell som vi arbetar utifr\u00e5n som lite f\u00f6renklas kan illustreras som nedan.<\/p>\n<p class=\"align02\"><img loading=\"lazy\" decoding=\"async\" class=\"alignnone size-large wp-image-138\" title=\"Tids\u00e5tg\u00e5ng i projektarbeten\" src=\"https:\/\/tekapo.se\/wp-content\/uploads\/2012\/04\/Tids\u00e5tg\u00e5ng-i-projektarbeten-870x257.png\" alt=\"Stapeldiagram som visar tids\u00e5tg\u00e5ngen vid projektarbete\" width=\"870\" height=\"257\" srcset=\"https:\/\/tekapo.se\/wp-content\/uploads\/2012\/04\/Tids\u00e5tg\u00e5ng-i-projektarbeten-870x257.png 870w, https:\/\/tekapo.se\/wp-content\/uploads\/2012\/04\/Tids\u00e5tg\u00e5ng-i-projektarbeten-230x68.png 230w, https:\/\/tekapo.se\/wp-content\/uploads\/2012\/04\/Tids\u00e5tg\u00e5ng-i-projektarbeten-470x139.png 470w, https:\/\/tekapo.se\/wp-content\/uploads\/2012\/04\/Tids\u00e5tg\u00e5ng-i-projektarbeten.png 1800w\" sizes=\"auto, (max-width: 870px) 100vw, 870px\" \/><\/p>\n<p>Planeringsfasen best\u00e5r av att reda ut behov, ta fram underlag, f\u00f6rst\u00e5 verksamheten och vad man vill \u00e5stadkomma med tj\u00e4nsten. Under id\u00e9 och skiss tar vi fram f\u00f6rslag p\u00e5 inneh\u00e5ll, skissar p\u00e5 utseende och tekniker och g\u00f6r skissmallar inf\u00f6r produktionen. N\u00e4r den v\u00e4l tar vid handlar det mest om sammans\u00e4ttning och vi r\u00e4knar med att den kreativa fasen \u00e4r avslutad d\u00e5. Med korrektur menar vi att vi f\u00f6rfinar produktionen i samarbete med en eller flera fr\u00e5n best\u00e4llaren. Slutligen g\u00f6r vi en uppf\u00f6ljning b\u00e5de direkt efter avslutat projekt, men ocks\u00e5 en tid senare.<\/p>\n<p>I startskedet har vi alltid en tr\u00e4ff. Oftast i samma rum, men g\u00e5r inte det s\u00e5 tar vi det p\u00e5 telefon eller videom\u00f6te. D\u00e4r g\u00e5r vi igenom hur din verksamhet ser ut nu och hur du vill att den ska fungera efter v\u00e5r insats. Det h\u00e4r brukar ta mellan ett par timmar och en dag beroende p\u00e5 typen och omfattningen av projektet.<\/p>\n<p class=\"align02\"><img loading=\"lazy\" decoding=\"async\" class=\"alignnone size-large wp-image-129\" title=\"M\u00f6tesrum\" src=\"https:\/\/tekapo.se\/wp-content\/uploads\/2012\/04\/MG_5400-870x336.jpg\" alt=\"Diskussioner i m\u00f6tesrummet\" width=\"870\" height=\"336\" srcset=\"https:\/\/tekapo.se\/wp-content\/uploads\/2012\/04\/MG_5400-870x336.jpg 870w, https:\/\/tekapo.se\/wp-content\/uploads\/2012\/04\/MG_5400-230x88.jpg 230w, https:\/\/tekapo.se\/wp-content\/uploads\/2012\/04\/MG_5400-470x181.jpg 470w\" sizes=\"auto, (max-width: 870px) 100vw, 870px\" \/><\/p>\n<p>Efter den f\u00f6rsta tr\u00e4ffen samlar vi alla intryck och s\u00e4tter oss i en intern grupp f\u00f6r att reda ut alla tankar till en plan. Oftast handlar det om diskussioner med papper och penna i h\u00f6gsta hugg. Lite beroende p\u00e5 projektets omfattning s\u00e5 kan det h\u00e4r ta ganska mycket tankearbete och skissande.<\/p>\n<p class=\"align02\"><img loading=\"lazy\" decoding=\"async\" class=\"alignnone size-large wp-image-48\" title=\"Skiss\" src=\"https:\/\/tekapo.se\/wp-content\/uploads\/2012\/04\/IMG_0837-950x712.jpg\" alt=\"En skiss p\u00e5 papper\" width=\"870\" height=\"652\" srcset=\"https:\/\/tekapo.se\/wp-content\/uploads\/2012\/04\/IMG_0837-950x712.jpg 950w, https:\/\/tekapo.se\/wp-content\/uploads\/2012\/04\/IMG_0837-230x172.jpg 230w, https:\/\/tekapo.se\/wp-content\/uploads\/2012\/04\/IMG_0837-470x352.jpg 470w\" sizes=\"auto, (max-width: 870px) 100vw, 870px\" \/><\/p>\n<p class=\"align02\"><img loading=\"lazy\" decoding=\"async\" class=\"alignnone size-large wp-image-49\" title=\"Liten skiss\" src=\"https:\/\/tekapo.se\/wp-content\/uploads\/2012\/04\/IMG_0838-e1333451319889-950x502.jpg\" alt=\"En liten skiss p\u00e5 papper\" width=\"870\" height=\"459\" srcset=\"https:\/\/tekapo.se\/wp-content\/uploads\/2012\/04\/IMG_0838-e1333451319889-950x502.jpg 950w, https:\/\/tekapo.se\/wp-content\/uploads\/2012\/04\/IMG_0838-e1333451319889-230x121.jpg 230w, https:\/\/tekapo.se\/wp-content\/uploads\/2012\/04\/IMG_0838-e1333451319889-470x248.jpg 470w\" sizes=\"auto, (max-width: 870px) 100vw, 870px\" \/><\/p>\n<p>N\u00e4r det finns en bra id\u00e9 och en bra plan s\u00e5 ser vi till att presentera dem f\u00f6r dig. Tillsammans reder vi ut det som eventuellt beh\u00f6ver justeras och kommer \u00f6verens om hur den f\u00e4rdiga produkten ska se ut mer exakt.<\/p>\n<p>Efter att vi skilts \u00e5t b\u00f6rjar v\u00e5r interna grupp att p\u00e5 allvar producera allt material och s\u00e4tta samman allt till en f\u00e4rdig produkt. Under projekttiden h\u00f6rs vi av eller tr\u00e4ffas utifr\u00e5n vad vi kommit \u00f6verens om, men n\u00e4r v\u00e4l produktionen satt ig\u00e5ng jobbar vi utifr\u00e5n den planen hela v\u00e4gen i m\u00e5l.<\/p>\n<p class=\"align02\"><img loading=\"lazy\" decoding=\"async\" class=\"alignnone size-large wp-image-56 align02\" title=\"Sk\u00e4rmavbild\" src=\"https:\/\/tekapo.se\/wp-content\/uploads\/2012\/04\/Sk\u00e4rmavbild-2012-04-01-kl.-18.19.24-870x710.png\" alt=\"F\u00e4rdig app\" width=\"870\" height=\"710\" srcset=\"https:\/\/tekapo.se\/wp-content\/uploads\/2012\/04\/Sk\u00e4rmavbild-2012-04-01-kl.-18.19.24-870x710.png 870w, https:\/\/tekapo.se\/wp-content\/uploads\/2012\/04\/Sk\u00e4rmavbild-2012-04-01-kl.-18.19.24-230x187.png 230w, https:\/\/tekapo.se\/wp-content\/uploads\/2012\/04\/Sk\u00e4rmavbild-2012-04-01-kl.-18.19.24-470x383.png 470w, https:\/\/tekapo.se\/wp-content\/uploads\/2012\/04\/Sk\u00e4rmavbild-2012-04-01-kl.-18.19.24.png 1394w\" sizes=\"auto, (max-width: 870px) 100vw, 870px\" \/><\/p>\n<p>Alla tj\u00e4nster och produkter som lever p\u00e5 n\u00e4tet beh\u00f6ver en strategi f\u00f6r f\u00f6rvaltning, vidareutveckling och underh\u00e5ll efter att projektet avslutats. Naturligtvis tar vi tillsammans fram en plan \u00e4ven f\u00f6r det n\u00e4r det b\u00f6rjar n\u00e4rma sig publicering. \u00c4ven vi som utf\u00f6rare har s\u00e5 klart en k\u00e4nslom\u00e4ssig koppling till projektet, och vill att det ska leva och frodas under \u00f6versk\u00e5dlig tid.<\/p>","protected":false},"excerpt":{"rendered":"<p>&nbsp;<\/p>\n<h1>Would you like to work with us?<br \/>\nThis is how it will happen<\/h1>\n<h3>We are a happy crowd that prefer to know rather well what you are looking for. What are your needs? What are your customers needs? How do we for-fill them as well as possible?<\/h3>\n<h4>The first, or at least one of the first, questions we get is &#8220;How much does it cost?&#8221;. It depends, but for you to understand why it costs, we believe you need to know how we work.<\/h4><\/p>\n","protected":false},"author":2,"featured_media":0,"parent":0,"menu_order":0,"comment_status":"closed","ping_status":"open","template":"page-onecolumn.php","meta":{"_exactmetrics_skip_tracking":false,"_exactmetrics_sitenote_active":false,"_exactmetrics_sitenote_note":"","_exactmetrics_sitenote_category":0,"footnotes":""},"class_list":["post-47","page","type-page","status-publish","hentry"],"_links":{"self":[{"href":"https:\/\/tekapo.se\/en\/wp-json\/wp\/v2\/pages\/47","targetHints":{"allow":["GET"]}}],"collection":[{"href":"https:\/\/tekapo.se\/en\/wp-json\/wp\/v2\/pages"}],"about":[{"href":"https:\/\/tekapo.se\/en\/wp-json\/wp\/v2\/types\/page"}],"author":[{"embeddable":true,"href":"https:\/\/tekapo.se\/en\/wp-json\/wp\/v2\/users\/2"}],"replies":[{"embeddable":true,"href":"https:\/\/tekapo.se\/en\/wp-json\/wp\/v2\/comments?post=47"}],"version-history":[{"count":51,"href":"https:\/\/tekapo.se\/en\/wp-json\/wp\/v2\/pages\/47\/revisions"}],"predecessor-version":[{"id":666,"href":"https:\/\/tekapo.se\/en\/wp-json\/wp\/v2\/pages\/47\/revisions\/666"}],"wp:attachment":[{"href":"https:\/\/tekapo.se\/en\/wp-json\/wp\/v2\/media?parent=47"}],"curies":[{"name":"wp","href":"https:\/\/api.w.org\/{rel}","templated":true}]}}